{"id":682,"date":"2025-03-05T12:54:14","date_gmt":"2025-03-05T18:54:14","guid":{"rendered":"https:\/\/laser.com.sv\/espanol\/?page_id=682"},"modified":"2025-03-05T12:54:48","modified_gmt":"2025-03-05T18:54:48","slug":"conocenos-un-poco-mas","status":"publish","type":"page","link":"https:\/\/laser.com.sv\/espanol\/conocenos-un-poco-mas\/","title":{"rendered":"Con\u00f3cenos un poco m\u00e1s"},"content":{"rendered":"","protected":false},"excerpt":{"rendered":"","protected":false},"author":2,"featured_media":0,"parent":0,"menu_order":0,"comment_status":"closed","ping_status":"closed","template":"","meta":{"_acf_changed":false,"footnotes":""},"class_list":["post-682","page","type-page","status-publish","hentry"],"acf":[],"yoast_head":"<!-- This site is optimized with the Yoast SEO plugin v24.6 - https:\/\/yoast.com\/wordpress\/plugins\/seo\/ -->\n<title>Con\u00f3cenos un poco m\u00e1s - L\u00e1ser Espa\u00f1ol | 90.1 FM<\/title>\n<meta name=\"robots\" content=\"index, follow, max-snippet:-1, max-image-preview:large, max-video-preview:-1\" \/>\n<link rel=\"canonical\" href=\"https:\/\/laser.com.sv\/espanol\/conocenos-un-poco-mas\/\" \/>\n<meta property=\"og:locale\" content=\"es_ES\" \/>\n<meta property=\"og:type\" content=\"article\" \/>\n<meta property=\"og:title\" content=\"Con\u00f3cenos un poco m\u00e1s - L\u00e1ser Espa\u00f1ol | 90.1 FM\" \/>\n<meta property=\"og:url\" content=\"https:\/\/laser.com.sv\/espanol\/conocenos-un-poco-mas\/\" \/>\n<meta property=\"og:site_name\" content=\"L\u00e1ser Espa\u00f1ol | 90.1 FM\" \/>\n<meta property=\"article:modified_time\" content=\"2025-03-05T18:54:48+00:00\" \/>\n<meta name=\"twitter:card\" content=\"summary_large_image\" \/>\n<script type=\"application\/ld+json\" class=\"yoast-schema-graph\">{\"@context\":\"https:\/\/schema.org\",\"@graph\":[{\"@type\":\"WebPage\",\"@id\":\"https:\/\/laser.com.sv\/espanol\/conocenos-un-poco-mas\/\",\"url\":\"https:\/\/laser.com.sv\/espanol\/conocenos-un-poco-mas\/\",\"name\":\"Con\u00f3cenos un poco m\u00e1s - L\u00e1ser Espa\u00f1ol | 90.1 FM\",\"isPartOf\":{\"@id\":\"https:\/\/laser.com.sv\/espanol\/#website\"},\"datePublished\":\"2025-03-05T18:54:14+00:00\",\"dateModified\":\"2025-03-05T18:54:48+00:00\",\"breadcrumb\":{\"@id\":\"https:\/\/laser.com.sv\/espanol\/conocenos-un-poco-mas\/#breadcrumb\"},\"inLanguage\":\"es\",\"potentialAction\":[{\"@type\":\"ReadAction\",\"target\":[\"https:\/\/laser.com.sv\/espanol\/conocenos-un-poco-mas\/\"]}]},{\"@type\":\"BreadcrumbList\",\"@id\":\"https:\/\/laser.com.sv\/espanol\/conocenos-un-poco-mas\/#breadcrumb\",\"itemListElement\":[{\"@type\":\"ListItem\",\"position\":1,\"name\":\"Portada\",\"item\":\"https:\/\/laser.com.sv\/espanol\/\"},{\"@type\":\"ListItem\",\"position\":2,\"name\":\"Con\u00f3cenos un poco m\u00e1s\"}]},{\"@type\":\"WebSite\",\"@id\":\"https:\/\/laser.com.sv\/espanol\/#website\",\"url\":\"https:\/\/laser.com.sv\/espanol\/\",\"name\":\"L\u00e1ser Espa\u00f1ol | 90.1 FM\",\"description\":\"L\u00e1ser Espa\u00f1ol | 90.1 FM\",\"potentialAction\":[{\"@type\":\"SearchAction\",\"target\":{\"@type\":\"EntryPoint\",\"urlTemplate\":\"https:\/\/laser.com.sv\/espanol\/?s={search_term_string}\"},\"query-input\":{\"@type\":\"PropertyValueSpecification\",\"valueRequired\":true,\"valueName\":\"search_term_string\"}}],\"inLanguage\":\"es\"}]}<\/script>\n<!-- \/ Yoast SEO plugin. -->","yoast_head_json":{"title":"Con\u00f3cenos un poco m\u00e1s - L\u00e1ser Espa\u00f1ol | 90.1 FM","robots":{"index":"index","follow":"follow","max-snippet":"max-snippet:-1","max-image-preview":"max-image-preview:large","max-video-preview":"max-video-preview:-1"},"canonical":"https:\/\/laser.com.sv\/espanol\/conocenos-un-poco-mas\/","og_locale":"es_ES","og_type":"article","og_title":"Con\u00f3cenos un poco m\u00e1s - L\u00e1ser Espa\u00f1ol | 90.1 FM","og_url":"https:\/\/laser.com.sv\/espanol\/conocenos-un-poco-mas\/","og_site_name":"L\u00e1ser Espa\u00f1ol | 90.1 FM","article_modified_time":"2025-03-05T18:54:48+00:00","twitter_card":"summary_large_image","schema":{"@context":"https:\/\/schema.org","@graph":[{"@type":"WebPage","@id":"https:\/\/laser.com.sv\/espanol\/conocenos-un-poco-mas\/","url":"https:\/\/laser.com.sv\/espanol\/conocenos-un-poco-mas\/","name":"Con\u00f3cenos un poco m\u00e1s - L\u00e1ser Espa\u00f1ol | 90.1 FM","isPartOf":{"@id":"https:\/\/laser.com.sv\/espanol\/#website"},"datePublished":"2025-03-05T18:54:14+00:00","dateModified":"2025-03-05T18:54:48+00:00","breadcrumb":{"@id":"https:\/\/laser.com.sv\/espanol\/conocenos-un-poco-mas\/#breadcrumb"},"inLanguage":"es","potentialAction":[{"@type":"ReadAction","target":["https:\/\/laser.com.sv\/espanol\/conocenos-un-poco-mas\/"]}]},{"@type":"BreadcrumbList","@id":"https:\/\/laser.com.sv\/espanol\/conocenos-un-poco-mas\/#breadcrumb","itemListElement":[{"@type":"ListItem","position":1,"name":"Portada","item":"https:\/\/laser.com.sv\/espanol\/"},{"@type":"ListItem","position":2,"name":"Con\u00f3cenos un poco m\u00e1s"}]},{"@type":"WebSite","@id":"https:\/\/laser.com.sv\/espanol\/#website","url":"https:\/\/laser.com.sv\/espanol\/","name":"L\u00e1ser Espa\u00f1ol | 90.1 FM","description":"L\u00e1ser Espa\u00f1ol | 90.1 FM","potentialAction":[{"@type":"SearchAction","target":{"@type":"EntryPoint","urlTemplate":"https:\/\/laser.com.sv\/espanol\/?s={search_term_string}"},"query-input":{"@type":"PropertyValueSpecification","valueRequired":true,"valueName":"search_term_string"}}],"inLanguage":"es"}]}},"_links":{"self":[{"href":"https:\/\/laser.com.sv\/espanol\/wp-json\/wp\/v2\/pages\/682","targetHints":{"allow":["GET"]}}],"collection":[{"href":"https:\/\/laser.com.sv\/espanol\/wp-json\/wp\/v2\/pages"}],"about":[{"href":"https:\/\/laser.com.sv\/espanol\/wp-json\/wp\/v2\/types\/page"}],"author":[{"embeddable":true,"href":"https:\/\/laser.com.sv\/espanol\/wp-json\/wp\/v2\/users\/2"}],"replies":[{"embeddable":true,"href":"https:\/\/laser.com.sv\/espanol\/wp-json\/wp\/v2\/comments?post=682"}],"version-history":[{"count":0,"href":"https:\/\/laser.com.sv\/espanol\/wp-json\/wp\/v2\/pages\/682\/revisions"}],"wp:attachment":[{"href":"https:\/\/laser.com.sv\/espanol\/wp-json\/wp\/v2\/media?parent=682"}],"curies":[{"name":"wp","href":"https:\/\/api.w.org\/{rel}","templated":true}]}}